{"id":2087,"date":"2025-03-15T17:41:59","date_gmt":"2025-03-15T16:41:59","guid":{"rendered":"https:\/\/impactifai.com\/?page_id=2087"},"modified":"2025-03-15T17:42:27","modified_gmt":"2025-03-15T16:42:27","slug":"preisgestaltung","status":"publish","type":"page","link":"https:\/\/impactifai.com\/de\/preisgestaltung\/","title":{"rendered":"Pricing"},"content":{"rendered":"<p>[et_pb_section fb_built=\u00a0\u00bb1&Prime; admin_label=\u00a0\u00bbHeader\u00a0\u00bb _builder_version=\u00a0\u00bb4.19.5&Prime; _module_preset=\u00a0\u00bbdefault\u00a0\u00bb background_color=\u00a0\u00bbgcid-9ae412ef-a7ae-42a5-ab5b-f691fccab059&Prime; use_background_color_gradient=\u00a0\u00bbon\u00a0\u00bb background_color_gradient_stops=\u00a0\u00bbrgba(9,9,21,0) 0%|gcid-9ae412ef-a7ae-42a5-ab5b-f691fccab059 100%\u00a0\u00bb background_color_gradient_overlays_image=\u00a0\u00bbon\u00a0\u00bb background_image=\u00a0\u00bbhttps:\/\/impactifai.com\/wp-content\/uploads\/2025\/03\/financial-technology-29d-scaled-1.jpg\u00a0\u00bb background_size=\u00a0\u00bbinitial\u00a0\u00bb background_position=\u00a0\u00bbtop_center\u00a0\u00bb background_enable_pattern_style=\u00a0\u00bbon\u00a0\u00bb background_pattern_style=\u00a0\u00bbscallops\u00a0\u00bb background_pattern_color=\u00a0\u00bbrgba(0,0,0,0.6)\u00a0\u00bb background_pattern_size=\u00a0\u00bbcustom\u00a0\u00bb background_pattern_width=\u00a0\u00bb8px\u00a0\u00bb locked=\u00a0\u00bboff\u00a0\u00bb collapsed=\u00a0\u00bbon\u00a0\u00bb global_colors_info=\u00a0\u00bb{%22gcid-9ae412ef-a7ae-42a5-ab5b-f691fccab059%22:%91%22background_color%22,%22background_color_gradient_stops%22%93}\u00a0\u00bb theme_builder_area=\u00a0\u00bbpost_content\u00a0\u00bb][et_pb_row _builder_version=\u00a0\u00bb4.19.2&Prime; _module_preset=\u00a0\u00bbdefault\u00a0\u00bb max_width=\u00a0\u00bb700px\u00a0\u00bb global_colors_info=\u00a0\u00bb{}\u00a0\u00bb theme_builder_area=\u00a0\u00bbpost_content\u00a0\u00bb][et_pb_column type=\u00a0\u00bb4_4&Prime; _builder_version=\u00a0\u00bb4.19.2&Prime; _module_preset=\u00a0\u00bbdefault\u00a0\u00bb global_colors_info=\u00a0\u00bb{}\u00a0\u00bb theme_builder_area=\u00a0\u00bbpost_content\u00a0\u00bb][et_pb_image src=\u00a0\u00bbhttps:\/\/impactifai.com\/wp-content\/uploads\/2025\/03\/financial-technology-40.png\u00a0\u00bb title_text=\u00a0\u00bbfinancial-technology-40&Prime; _builder_version=\u00a0\u00bb4.19.2&Prime; _module_preset=\u00a0\u00bbdefault\u00a0\u00bb transform_translate=\u00a0\u00bb-90%|0px\u00a0\u00bb transform_translate_linked=\u00a0\u00bboff\u00a0\u00bb positioning=\u00a0\u00bbabsolute\u00a0\u00bb width=\u00a0\u00bb90%\u00a0\u00bb locked=\u00a0\u00bboff\u00a0\u00bb global_colors_info=\u00a0\u00bb{}\u00a0\u00bb theme_builder_area=\u00a0\u00bbpost_content\u00a0\u00bb][\/et_pb_image][et_pb_text _builder_version=\u00a0\u00bb4.19.2&Prime; _module_preset=\u00a0\u00bb387ee52d-041a-4595-9c17-b0af8b5c37f2&Prime; text_orientation=\u00a0\u00bbcenter\u00a0\u00bb custom_margin=\u00a0\u00bb||10px||false|false\u00a0\u00bb global_colors_info=\u00a0\u00bb{}\u00a0\u00bb theme_builder_area=\u00a0\u00bbpost_content\u00a0\u00bb]<\/p>\n<h1>Choisissez la solution IA qui vous convient<\/h1>\n<p>[\/et_pb_text][et_pb_text _builder_version=\u00a0\u00bb4.19.2&Prime; _module_preset=\u00a0\u00bb69a53957-aa20-41a8-8fd0-800c2d665fd9&Prime; text_orientation=\u00a0\u00bbcenter\u00a0\u00bb global_colors_info=\u00a0\u00bb{}\u00a0\u00bb theme_builder_area=\u00a0\u00bbpost_content\u00a0\u00bb]<\/p>\n<p>L\u2019intelligence artificielle peut vous faire gagner un temps pr\u00e9cieux et optimiser vos processus, mais encore faut-il choisir les bons outils. Que vous souhaitiez explorer les solutions par vous-m\u00eame ou b\u00e9n\u00e9ficier d\u2019un accompagnement personnalis\u00e9, nous avons une offre adapt\u00e9e \u00e0 vos besoins. D\u00e9couvrez nos options et laissez l\u2019IA travailler pour vous !<\/p>\n<p>[\/et_pb_text][\/et_pb_column][\/et_pb_row][et_pb_row column_structure=\u00a0\u00bb1_3,1_3,1_3&Prime; _builder_version=\u00a0\u00bb4.19.2&Prime; _module_preset=\u00a0\u00bbdefault\u00a0\u00bb locked=\u00a0\u00bboff\u00a0\u00bb global_colors_info=\u00a0\u00bb{}\u00a0\u00bb theme_builder_area=\u00a0\u00bbpost_content\u00a0\u00bb][et_pb_column type=\u00a0\u00bb1_3&Prime; _builder_version=\u00a0\u00bb4.19.2&Prime; _module_preset=\u00a0\u00bbdefault\u00a0\u00bb global_colors_info=\u00a0\u00bb{}\u00a0\u00bb theme_builder_area=\u00a0\u00bbpost_content\u00a0\u00bb][et_pb_pricing_tables header_background_color=\u00a0\u00bbRGBA(255,255,255,0)\u00a0\u00bb _builder_version=\u00a0\u00bb4.27.4&Prime; _module_preset=\u00a0\u00bbdefault\u00a0\u00bb currency_frequency_text_color=\u00a0\u00bb#000000&Prime; price_text_color=\u00a0\u00bb#000000&Prime; subheader_text_color=\u00a0\u00bb#FFFFFF\u00a0\u00bb header_text_color=\u00a0\u00bb#FFFFFF\u00a0\u00bb header_font=\u00a0\u00bbInter|600||on|||||\u00a0\u00bb header_font_size=\u00a0\u00bb12px\u00a0\u00bb body_font_size=\u00a0\u00bb16px\u00a0\u00bb body_line_height=\u00a0\u00bb1.4em\u00a0\u00bb subheader_font=\u00a0\u00bb||||||||\u00a0\u00bb subheader_font_size=\u00a0\u00bb14px\u00a0\u00bb subheader_line_height=\u00a0\u00bb1.6em\u00a0\u00bb price_font=\u00a0\u00bbInter|700|||||||\u00a0\u00bb price_font_size=\u00a0\u00bb32px\u00a0\u00bb currency_frequency_font=\u00a0\u00bbInter|700|||||||\u00a0\u00bb currency_frequency_font_size=\u00a0\u00bb32px\u00a0\u00bb custom_button=\u00a0\u00bbon\u00a0\u00bb button_text_size=\u00a0\u00bb16px\u00a0\u00bb button_text_color=\u00a0\u00bb#FFFFFF\u00a0\u00bb button_bg_color=\u00a0\u00bb#322BE1&Prime; button_border_width=\u00a0\u00bb0px\u00a0\u00bb button_border_radius=\u00a0\u00bb100px\u00a0\u00bb button_font=\u00a0\u00bbInter|500|||||||\u00a0\u00bb button_icon=\u00a0\u00bb&#xf061;||fa||900&Prime; button_on_hover=\u00a0\u00bboff\u00a0\u00bb button_custom_padding=\u00a0\u00bb12px|40px|12px|28px|true|false\u00a0\u00bb text_orientation=\u00a0\u00bbcenter\u00a0\u00bb custom_padding=\u00a0\u00bb30px||||false|false\u00a0\u00bb hover_enabled=\u00a0\u00bb0&Prime; body_font_size_tablet=\u00a0\u00bb15px\u00a0\u00bb body_font_size_phone=\u00a0\u00bb14px\u00a0\u00bb body_font_size_last_edited=\u00a0\u00bbon|desktop\u00a0\u00bb currency_frequency_font_size_tablet=\u00a0\u00bb20px\u00a0\u00bb currency_frequency_font_size_phone=\u00a0\u00bb16px\u00a0\u00bb currency_frequency_font_size_last_edited=\u00a0\u00bbon|desktop\u00a0\u00bb border_radii=\u00a0\u00bbon|30px|30px|30px|30px\u00a0\u00bb locked=\u00a0\u00bboff\u00a0\u00bb global_colors_info=\u00a0\u00bb{}\u00a0\u00bb theme_builder_area=\u00a0\u00bbpost_content\u00a0\u00bb sticky_enabled=\u00a0\u00bb0&Prime;][et_pb_pricing_table title=\u00a0\u00bbIA en Libre-Service\u00a0\u00bb subtitle=\u00a0\u00bbVous pr\u00e9f\u00e9rez explorer par vous-m\u00eame ?\u00a0\u00bb currency=\u00a0\u00bb\u00a0 \u00a0 \u00a0 \u00a0 \u00a0 \u00a0 Gratuit\u00a0\u00bb button_url=\u00a0\u00bb#\u00a0\u00bb button_text=\u00a0\u00bbGet Started\u00a0\u00bb bullet_color=\u00a0\u00bb#FFFFFF\u00a0\u00bb _builder_version=\u00a0\u00bb4.27.4&Prime; _module_preset=\u00a0\u00bbdefault\u00a0\u00bb price_text_color=\u00a0\u00bb#FFFFFF\u00a0\u00bb header_text_color=\u00a0\u00bb#FFFFFF\u00a0\u00bb body_text_color=\u00a0\u00bb#FFFFFF\u00a0\u00bb subheader_text_color=\u00a0\u00bb#FFFFFF\u00a0\u00bb currency_frequency_text_color=\u00a0\u00bb#FFFFFF\u00a0\u00bb excluded_text_color=\u00a0\u00bbrgba(255,255,255,0.5)\u00a0\u00bb background_color=\u00a0\u00bbRGBA(255,255,255,0)\u00a0\u00bb background_enable_color=\u00a0\u00bbon\u00a0\u00bb hover_enabled=\u00a0\u00bb0&Prime; global_colors_info=\u00a0\u00bb{}\u00a0\u00bb sticky_transition=\u00a0\u00bbon\u00a0\u00bb theme_builder_area=\u00a0\u00bbpost_content\u00a0\u00bb button_icon_default=\u00a0\u00bb&#xf061;||fa||900&Prime; sticky_enabled=\u00a0\u00bb0&Prime;]<\/p>\n<p><strong data-start=\"171\" data-end=\"213\">Vous pr\u00e9f\u00e9rez explorer par vous-m\u00eame ?<\/strong><br data-start=\"213\" data-end=\"216\" \/>Acc\u00e9dez \u00e0 notre s\u00e9lection des meilleurs outils IA et choisissez celui qui vous convient.+<\/p>\n<p>[\/et_pb_pricing_table][\/et_pb_pricing_tables][\/et_pb_column][et_pb_column type=\u00a0\u00bb1_3&Prime; _builder_version=\u00a0\u00bb4.19.2&Prime; _module_preset=\u00a0\u00bbdefault\u00a0\u00bb global_colors_info=\u00a0\u00bb{}\u00a0\u00bb theme_builder_area=\u00a0\u00bbpost_content\u00a0\u00bb][et_pb_pricing_tables header_background_color=\u00a0\u00bbRGBA(255,255,255,0)\u00a0\u00bb _builder_version=\u00a0\u00bb4.27.4&Prime; _module_preset=\u00a0\u00bbdefault\u00a0\u00bb currency_frequency_text_color=\u00a0\u00bb#000000&Prime; price_text_color=\u00a0\u00bb#000000&Prime; subheader_text_color=\u00a0\u00bb#000000&Prime; header_text_color=\u00a0\u00bb#000000&Prime; header_font=\u00a0\u00bbInter|600||on|||||\u00a0\u00bb header_font_size=\u00a0\u00bb12px\u00a0\u00bb body_font_size=\u00a0\u00bb16px\u00a0\u00bb body_line_height=\u00a0\u00bb1.4em\u00a0\u00bb subheader_font=\u00a0\u00bb||||||||\u00a0\u00bb subheader_font_size=\u00a0\u00bb14px\u00a0\u00bb subheader_line_height=\u00a0\u00bb1.6em\u00a0\u00bb price_font=\u00a0\u00bbInter|700|||||||\u00a0\u00bb price_font_size=\u00a0\u00bb32px\u00a0\u00bb currency_frequency_font=\u00a0\u00bbInter|700|||||||\u00a0\u00bb currency_frequency_font_size=\u00a0\u00bb32px\u00a0\u00bb custom_button=\u00a0\u00bbon\u00a0\u00bb button_text_size=\u00a0\u00bb16px\u00a0\u00bb button_text_color=\u00a0\u00bb#FFFFFF\u00a0\u00bb button_bg_color=\u00a0\u00bb#322BE1&Prime; button_border_width=\u00a0\u00bb0px\u00a0\u00bb button_border_radius=\u00a0\u00bb100px\u00a0\u00bb button_font=\u00a0\u00bbInter|500|||||||\u00a0\u00bb button_icon=\u00a0\u00bb&#xf061;||fa||900&Prime; button_on_hover=\u00a0\u00bboff\u00a0\u00bb button_custom_padding=\u00a0\u00bb12px|40px|12px|28px|true|false\u00a0\u00bb text_orientation=\u00a0\u00bbcenter\u00a0\u00bb custom_padding=\u00a0\u00bb30px||||false|false\u00a0\u00bb hover_enabled=\u00a0\u00bb0&Prime; body_font_size_tablet=\u00a0\u00bb15px\u00a0\u00bb body_font_size_phone=\u00a0\u00bb14px\u00a0\u00bb body_font_size_last_edited=\u00a0\u00bbon|desktop\u00a0\u00bb currency_frequency_font_size_tablet=\u00a0\u00bb20px\u00a0\u00bb currency_frequency_font_size_phone=\u00a0\u00bb16px\u00a0\u00bb currency_frequency_font_size_last_edited=\u00a0\u00bbon|desktop\u00a0\u00bb border_radii=\u00a0\u00bbon|30px|30px|30px|30px\u00a0\u00bb border_width_all=\u00a0\u00bb0px\u00a0\u00bb locked=\u00a0\u00bboff\u00a0\u00bb global_colors_info=\u00a0\u00bb{}\u00a0\u00bb theme_builder_area=\u00a0\u00bbpost_content\u00a0\u00bb sticky_enabled=\u00a0\u00bb0&Prime;][et_pb_pricing_table title=\u00a0\u00bbIA Smart Selection\u00a0\u00bb subtitle=\u00a0\u00bbGagnez du temps et \u00e9vitez les mauvais choix !\u00a0\u00bb currency=\u00a0\u00bbEur\u00a0\u00bb sum=\u00a0\u00bb\u00a0497&Prime; button_url=\u00a0\u00bb#\u00a0\u00bb button_text=\u00a0\u00bbGet Started\u00a0\u00bb bullet_color=\u00a0\u00bb#000000&Prime; _builder_version=\u00a0\u00bb4.27.4&Prime; _module_preset=\u00a0\u00bbdefault\u00a0\u00bb body_text_color=\u00a0\u00bb#000000&Prime; excluded_text_color=\u00a0\u00bbrgba(0,0,0,0.5)\u00a0\u00bb background_color=\u00a0\u00bbrgba(255,255,255,0.9)\u00a0\u00bb background_enable_color=\u00a0\u00bbon\u00a0\u00bb hover_enabled=\u00a0\u00bb0&Prime; global_colors_info=\u00a0\u00bb{}\u00a0\u00bb sticky_transition=\u00a0\u00bbon\u00a0\u00bb theme_builder_area=\u00a0\u00bbpost_content\u00a0\u00bb button_icon_default=\u00a0\u00bb&#xf061;||fa||900&Prime; sticky_enabled=\u00a0\u00bb0&Prime;]<\/p>\n<p>Nous analysons vos besoins et vous recommandons les <strong data-start=\"512\" data-end=\"535\">meilleurs outils IA<\/strong> pour votre entreprise.<br data-start=\"558\" data-end=\"561\" \/>\u2705 Analyse personnalis\u00e9e<br data-start=\"584\" data-end=\"587\" \/>\u2705 S\u00e9lection des solutions les plus adapt\u00e9es<\/p>\n<p>[\/et_pb_pricing_table][\/et_pb_pricing_tables][\/et_pb_column][et_pb_column type=\u00a0\u00bb1_3&Prime; _builder_version=\u00a0\u00bb4.19.2&Prime; _module_preset=\u00a0\u00bbdefault\u00a0\u00bb global_colors_info=\u00a0\u00bb{}\u00a0\u00bb theme_builder_area=\u00a0\u00bbpost_content\u00a0\u00bb][et_pb_pricing_tables header_background_color=\u00a0\u00bbRGBA(255,255,255,0)\u00a0\u00bb _builder_version=\u00a0\u00bb4.27.4&Prime; _module_preset=\u00a0\u00bbdefault\u00a0\u00bb currency_frequency_text_color=\u00a0\u00bb#000000&Prime; price_text_color=\u00a0\u00bb#000000&Prime; subheader_text_color=\u00a0\u00bb#FFFFFF\u00a0\u00bb header_text_color=\u00a0\u00bb#FFFFFF\u00a0\u00bb header_font=\u00a0\u00bbInter|600||on|||||\u00a0\u00bb header_font_size=\u00a0\u00bb12px\u00a0\u00bb body_font_size=\u00a0\u00bb16px\u00a0\u00bb body_line_height=\u00a0\u00bb1.4em\u00a0\u00bb subheader_font=\u00a0\u00bb||||||||\u00a0\u00bb subheader_font_size=\u00a0\u00bb14px\u00a0\u00bb subheader_line_height=\u00a0\u00bb1.6em\u00a0\u00bb price_font=\u00a0\u00bbInter|700|||||||\u00a0\u00bb price_font_size=\u00a0\u00bb32px\u00a0\u00bb currency_frequency_font=\u00a0\u00bbInter|700|||||||\u00a0\u00bb currency_frequency_font_size=\u00a0\u00bb32px\u00a0\u00bb custom_button=\u00a0\u00bbon\u00a0\u00bb button_text_size=\u00a0\u00bb16px\u00a0\u00bb button_text_color=\u00a0\u00bb#FFFFFF\u00a0\u00bb button_bg_color=\u00a0\u00bb#322BE1&Prime; button_border_width=\u00a0\u00bb0px\u00a0\u00bb button_border_radius=\u00a0\u00bb100px\u00a0\u00bb button_font=\u00a0\u00bbInter|500|||||||\u00a0\u00bb button_icon=\u00a0\u00bb&#xf061;||fa||900&Prime; button_on_hover=\u00a0\u00bboff\u00a0\u00bb button_custom_padding=\u00a0\u00bb12px|40px|12px|28px|true|false\u00a0\u00bb text_orientation=\u00a0\u00bbcenter\u00a0\u00bb custom_padding=\u00a0\u00bb30px||||false|false\u00a0\u00bb hover_enabled=\u00a0\u00bb0&Prime; body_font_size_tablet=\u00a0\u00bb15px\u00a0\u00bb body_font_size_phone=\u00a0\u00bb14px\u00a0\u00bb body_font_size_last_edited=\u00a0\u00bbon|desktop\u00a0\u00bb currency_frequency_font_size_tablet=\u00a0\u00bb20px\u00a0\u00bb currency_frequency_font_size_phone=\u00a0\u00bb16px\u00a0\u00bb currency_frequency_font_size_last_edited=\u00a0\u00bbon|desktop\u00a0\u00bb border_radii=\u00a0\u00bbon|30px|30px|30px|30px\u00a0\u00bb locked=\u00a0\u00bboff\u00a0\u00bb global_colors_info=\u00a0\u00bb{}\u00a0\u00bb theme_builder_area=\u00a0\u00bbpost_content\u00a0\u00bb sticky_enabled=\u00a0\u00bb0&Prime;][et_pb_pricing_table title=\u00a0\u00bbIA Cl\u00e9 en Main\u00a0\u00bb subtitle=\u00a0\u00bbOn s\u2019occupe de tout pour vous !\u00a0\u00bb currency=\u00a0\u00bbEur \u00a0\u00bb sum=\u00a0\u00bb\u00a01990&Prime; button_url=\u00a0\u00bb#\u00a0\u00bb button_text=\u00a0\u00bbGet Started\u00a0\u00bb bullet_color=\u00a0\u00bb#FFFFFF\u00a0\u00bb _builder_version=\u00a0\u00bb4.27.4&Prime; _module_preset=\u00a0\u00bbdefault\u00a0\u00bb price_text_color=\u00a0\u00bb#FFFFFF\u00a0\u00bb header_text_color=\u00a0\u00bb#FFFFFF\u00a0\u00bb body_text_color=\u00a0\u00bb#FFFFFF\u00a0\u00bb subheader_text_color=\u00a0\u00bb#FFFFFF\u00a0\u00bb currency_frequency_text_color=\u00a0\u00bb#FFFFFF\u00a0\u00bb excluded_text_color=\u00a0\u00bbrgba(255,255,255,0.5)\u00a0\u00bb background_color=\u00a0\u00bbRGBA(255,255,255,0)\u00a0\u00bb background_enable_color=\u00a0\u00bbon\u00a0\u00bb hover_enabled=\u00a0\u00bb0&Prime; global_colors_info=\u00a0\u00bb{}\u00a0\u00bb sticky_transition=\u00a0\u00bbon\u00a0\u00bb theme_builder_area=\u00a0\u00bbpost_content\u00a0\u00bb button_icon_default=\u00a0\u00bb&#xf061;||fa||900&Prime; sticky_enabled=\u00a0\u00bb0&Prime;]<\/p>\n<p>Nous installons et configurons les outils IA dont vous avez besoin et vous formons \u00e0 leur utilisation.<br data-start=\"874\" data-end=\"877\" \/>\u2705 S\u00e9lection et installation de <strong data-start=\"908\" data-end=\"928\">jusqu\u2019\u00e0 3 outils<\/strong><br data-start=\"928\" data-end=\"931\" \/>\u2705 <strong data-start=\"933\" data-end=\"957\">1 heure de formation<\/strong> pour une prise en main efficace<\/p>\n<p>[\/et_pb_pricing_table][\/et_pb_pricing_tables][\/et_pb_column][\/et_pb_row][\/et_pb_section]<\/p>\n","protected":false},"excerpt":{"rendered":"<p>Choisissez la solution IA qui vous convientL\u2019intelligence artificielle peut vous faire gagner un temps pr\u00e9cieux et optimiser vos processus, mais encore faut-il choisir les bons outils. Que vous souhaitiez explorer les solutions par vous-m\u00eame ou b\u00e9n\u00e9ficier d\u2019un accompagnement personnalis\u00e9, nous avons une offre adapt\u00e9e \u00e0 vos besoins. D\u00e9couvrez nos options et laissez l\u2019IA travailler pour [&hellip;]<\/p>\n","protected":false},"author":1,"featured_media":0,"parent":0,"menu_order":0,"comment_status":"closed","ping_status":"closed","template":"","meta":{"_et_pb_use_builder":"on","_et_pb_old_content":"","_et_gb_content_width":"","footnotes":""},"class_list":["post-2087","page","type-page","status-publish","hentry"],"_links":{"self":[{"href":"https:\/\/impactifai.com\/de\/wp-json\/wp\/v2\/pages\/2087","targetHints":{"allow":["GET"]}}],"collection":[{"href":"https:\/\/impactifai.com\/de\/wp-json\/wp\/v2\/pages"}],"about":[{"href":"https:\/\/impactifai.com\/de\/wp-json\/wp\/v2\/types\/page"}],"author":[{"embeddable":true,"href":"https:\/\/impactifai.com\/de\/wp-json\/wp\/v2\/users\/1"}],"replies":[{"embeddable":true,"href":"https:\/\/impactifai.com\/de\/wp-json\/wp\/v2\/comments?post=2087"}],"version-history":[{"count":3,"href":"https:\/\/impactifai.com\/de\/wp-json\/wp\/v2\/pages\/2087\/revisions"}],"predecessor-version":[{"id":2100,"href":"https:\/\/impactifai.com\/de\/wp-json\/wp\/v2\/pages\/2087\/revisions\/2100"}],"wp:attachment":[{"href":"https:\/\/impactifai.com\/de\/wp-json\/wp\/v2\/media?parent=2087"}],"curies":[{"name":"wp","href":"https:\/\/api.w.org\/{rel}","templated":true}]}}