{"id":543,"date":"2024-05-28T21:25:54","date_gmt":"2024-05-28T19:25:54","guid":{"rendered":"https:\/\/impactifai.com\/?page_id=543"},"modified":"2024-08-23T11:22:43","modified_gmt":"2024-08-23T09:22:43","slug":"aviso-legal","status":"publish","type":"page","link":"https:\/\/impactifai.com\/es\/aviso-legal\/","title":{"rendered":"Informaci\u00f3n jur\u00eddica"},"content":{"rendered":"<p>[et_pb_section fb_built=\u00a0\u00bb1&Prime; admin_label=\u00a0\u00bbFAQ\u00a0\u00bb _builder_version=\u00a0\u00bb4.19.5&Prime; _module_preset=\u00a0\u00bbdefault\u00a0\u00bb background_color=\u00a0\u00bbgcid-1bcf785a-50e1-437b-b09f-65567babc1de\u00a0\u00bb collapsed=\u00a0\u00bbon\u00a0\u00bb global_colors_info=\u00a0\u00bb{%22gcid-1bcf785a-50e1-437b-b09f-65567babc1de%22:%91%22background_color%22%93}\u00a0\u00bb][et_pb_row _builder_version=\u00a0\u00bb4.19.5&Prime; _module_preset=\u00a0\u00bbdefault\u00a0\u00bb max_width=\u00a0\u00bb800px\u00a0\u00bb global_colors_info=\u00a0\u00bb{}\u00a0\u00bb][et_pb_column type=\u00a0\u00bb4_4&Prime; _builder_version=\u00a0\u00bb4.19.2&Prime; _module_preset=\u00a0\u00bbdefault\u00a0\u00bb global_colors_info=\u00a0\u00bb{}\u00a0\u00bb][et_pb_accordion open_toggle_background_color=\u00a0\u00bbRGBA(255,255,255,0)\u00a0\u00bb icon_color=\u00a0\u00bb#FF8154&Prime; _builder_version=\u00a0\u00bb4.25.1&Prime; _module_preset=\u00a0\u00bbdc1b76f1-777d-4cb0-a1ee-5a2a22242fae\u00a0\u00bb locked=\u00a0\u00bboff\u00a0\u00bb global_colors_info=\u00a0\u00bb{%22gcid-f1f9244b-c8ab-43e1-95c3-c0bdf69ac7b5%22:%91%22open_toggle_background_color%22,%22open_toggle_background_color%22,%22open_toggle_background_color%22,%22open_toggle_background_color%22,%22open_toggle_background_color%22,%22open_toggle_background_color%22,%22open_toggle_background_color%22%93}\u00a0\u00bb][et_pb_accordion_item title=\u00a0\u00bb  MENTIONS LEGALES :\u00a0\u00bb open=\u00a0\u00bbon\u00a0\u00bb _builder_version=\u00a0\u00bb4.19.5&Prime; _module_preset=\u00a0\u00bbdefault\u00a0\u00bb global_colors_info=\u00a0\u00bb{}\u00a0\u00bb]<\/p>\n<p>&nbsp;<\/p>\n<p>Correspondant aux dispositions de l&rsquo;article 6-III et 19 de la Loi num\u00e9ro 2004-575 du 21 juin 2004 concer\u00e7ant la Confiance en l&rsquo;\u00e9conomie num\u00e9rique, dite L.C.E.N., nous portons \u00e0 la connaissance des visiteurs du site internet :<span>\u00a0<\/span><a href=\"https:\/\/impactifai.com\/\" target=\"_blank\" rel=\"noopener\">impactifai.com<\/a><span>\u00a0<\/span>Les informations qui suivent :<\/p>\n<p>&nbsp;<\/p>\n<p><strong>1. Donn\u00e9es l\u00e9gales :<\/strong><\/p>\n<p>Nom du propri\u00e9taire :\u00a0FREDERIC GRUBER &#8211; 57000 &#8211; Metz (Moselle)<\/p>\n<p>Le Fondateur du site suivant :\u00a0GRUBER FREDERIC<br \/>Chef de publication est :\u00a0GRUBER FREDERIC<br \/>Par quel moyen contacter le D\u00e9cideur de la publication :\u00a0contact@impactifai.com<\/p>\n<p>Le R\u00e9alisateur est :\u00a0GRUBER FREDERIC<br \/>Comment joindre le D\u00e9veloppeur :<span>\u00a0<\/span><strong><a href=\"mailto:contact@impactifai.com?subject=Contact%20a%20partir%20des%20mentions%20l%C3%A9gales%20via%20le%20site%20impactifai.com\">contact@impactifai.com<\/a><\/strong><\/p>\n<p>Le site est heberg\u00e9 par : LWS<br \/>SAS compos\u00e9 d&rsquo;un capital de 500 000 Euros<br \/>Registre du commerce et des soci\u00e9t\u00e9s (RCS) RCS Paris B 851 993 683 00024<br \/>Code APE 6311Z<br \/>Num\u00e9ro de TVA : FR 21 851 993 683<br \/>Adresse du si\u00e8ge : 10, RUE PENTHIEVRE &#8211; 75838 Paris &#8211; France<\/p>\n<p>Ces mentions ont \u00e9t\u00e9 r\u00e9alis\u00e9es via<span>\u00a0<\/span><strong><a href=\"https:\/\/www.generateur-de-mentions-legales.com\/\" target=\"_blank\" rel=\"noopener\">le g\u00e9n\u00e9rateur de mentions l\u00e9gales<\/a><\/strong><\/p>\n<p>&nbsp;<\/p>\n<p>&nbsp;<\/p>\n<p>&nbsp;<\/p>\n<p><strong>2. Introduction :<\/strong><\/p>\n<p>Tout internaute qui utilise le site :<span>\u00a0<\/span><a href=\"https:\/\/impactifai.com\/\" target=\"_blank\" rel=\"noopener\">impactifai.com<\/a><span>\u00a0<\/span>est consid\u00e9r\u00e9 comme usage\u00e9 du site web.<br \/>Le site internet<span>\u00a0<\/span><strong>impactifai.com<\/strong><span>\u00a0<\/span>regroupe un ensemble de services, dans l&rsquo;\u00e9tat, mis \u00e0 la disposition des utilisateur. Il est naturellement pr\u00e9cis\u00e9 que ces derniers doivent rester honn\u00eate et faire preuve de bonne foi tant envers les diff\u00e9rents utilisateurs qu&rsquo;envers le R\u00e9alisateur du site impactifai.com. Le site impactifai.com est actualis\u00e9 de fa\u00e7on r\u00e9guli\u00e8re par GRUBER FREDERIC.<br \/>GRUBER FREDERIC s&rsquo;efforce de fournir sur le site internet impactifai.com des informations les plus r\u00e9alistes possibles (sous r\u00e9serve de modifications apport\u00e9es depuis leur mise en ligne), mais ne saurait assurer l&rsquo;exactitude, la compl\u00e9tude et les informations diffus\u00e9es sur son site web, qu&rsquo;elles soient ou non de son fait. En r\u00e9percussion, l&rsquo;utilisateur reconna\u00eet se servir des informations donn\u00e9es sous sa responsabilit\u00e9 exclusive.<\/p>\n<p>&nbsp;<\/p>\n<p>&nbsp;<\/p>\n<p><strong>3. Accessibilit\u00e9 Num\u00e9rique :<\/strong><\/p>\n<p>Le site internet impactifai.com est principalement accessible aux usag\u00e9s 24\/24h, 7\/7j, sauf en cas de maintenance, programm\u00e9e ou non, pour les besoins de mise \u00e0 jour ou force majeure. En cas de service indisponible, impactifai.com se devouera \u00e0 faire son maximum pour r\u00e9tablir l&rsquo;acc\u00e8s au site et s&rsquo;efforcera alors de communiquer pr\u00e9alablement aux utilisateurs les dates et heures de l&rsquo;intervention. N&rsquo;\u00e9tant asservi qu&rsquo;\u00e0 une servitude de moyen, impactifai.com ne pourrait \u00eatre tenu comme responsable de tout dommage, peu importe sa nature, r\u00e9sultant d&rsquo;une indisponibilit\u00e9 du service<\/p>\n<p>&nbsp;<\/p>\n<p>&nbsp;<\/p>\n<p><strong>4. Propri\u00e9t\u00e9 intellectuelle :<\/strong><\/p>\n<p>GRUBER FREDERIC est le propri\u00e9taire exclusif de tous les droits de propri\u00e9t\u00e9 intellectuelle ou d\u00e9tient les droits et autorisations d&rsquo;usage sur tous les \u00e9l\u00e9ments accessibles sur le site web, tant sur la structure que sur les articles et textes, images, graphismes, logo, bande sonore, logiciels\u2026<br \/>Toute reproduction totale ou partielle du site web impactifai.com, affichage, modification, mis \u00e0 jour totalement ou partiellement de l&rsquo;un de ces \u00e9l\u00e9ments, quel que soit le moyen ou le proc\u00e9d\u00e9 utilis\u00e9, est formellementinterdite, except\u00e9 autorisation pr\u00e9alable de GRUBER FREDERIC, directeur du site internet \u00e0 l&#8217;email : contact@impactifai.com, \u00e0 d\u00e9faut elle sera consid\u00e9r\u00e9e comme constitutive d&rsquo;une contrefa\u00e7on et passible de poursuite conform\u00e9ment aux dispositions des articles L.335-2 et suivants du Code de Propri\u00e9t\u00e9 Intellectuelle.<\/p>\n<p><span>Toute reproduction site internet impactifai.com, affichage, modification, adaptation totale ou partielle de l&rsquo;un de ces \u00e9l\u00e9ments, quel que soit le moyen ou la technique utilis\u00e9, est formellementinterdite, except\u00e9 acceptation \u00e9crite pr\u00e9alable de GRUBER FREDERIC, responsable du site internet au mail suivant : contact@impactifai.com, \u00e0 d\u00e9faut elle sera consid\u00e9r\u00e9e comme constitutive d&rsquo;une contrefa\u00e7on \u00e9tant passible de poursuite selon les dispositions des diff\u00e9rents articles L.335-2 et suivants du Code de Propri\u00e9t\u00e9 Intellectuelle.<\/span><\/p>\n<p>&nbsp;<\/p>\n<p><strong>5. Cookies &amp; Liens Hypertextes :<\/strong><\/p>\n<p>Le site web impactifai.com contient de multiple URL hypertextes vers diff\u00e9rents sites (partenariats, sites sources etc) mis en ligne avec la validation de GRUBER FREDERIC<a href=\"https:\/\/www.generateur-de-mentions-legales.com\/\" target=\"_blank\" rel=\"noopener\"><span style=\"color: #000000;\">.<\/span><\/a><span>\u00a0<\/span>Cependant, GRUBER FREDERIC ne peut pas v\u00e9rifier l&rsquo;int\u00e9gralit\u00e9 des \u00e9lements des diff\u00e9rents sites ainsi visit\u00e9s et rejette donc toute responsabilit\u00e9 de de cette fa\u00e7on concernant les eventuels risques de contenus illicites.<br \/>L&rsquo;usager est mis au courant que durant de ses utilisatations sur le site web impactifai.com, un ou plusieurs cookies sont susceptibles de s&rsquo;int\u00e9grer m\u00e9caniquement sur son en utilisant son logiciel de navigation. Un cookie c&rsquo;est un bloc de donn\u00e9e qui ne permettra jamais de savoir qui l&rsquo;utilise, cependant qui enregistre des renseignements relatives \u00e0 la navigation de l&rsquo;usager sur le site.\u00a0<br \/>Le param\u00e9trage du logiciel de navigation permet d&rsquo;informer de la compagnie de cookie et potentiellement, de pouvoir refuser de la mani\u00e8re d\u00e9crite \u00e0 l&rsquo; adresse suivante :<span>\u00a0<\/span><a href=\"https:\/\/www.impactifai.com\/\">www.impactifai.com<\/a>. La mise en place \u00e0 la possibilit\u00e9 n\u00e9anmoins de r\u00e9gler le navigateur de son pc de fa\u00e7on \u00e0 rejeter l&rsquo;installation des cookies, sachant que le refus de la mise en place d&rsquo;un cookie peut entra\u00eener l&rsquo;impossibilit\u00e9 d&rsquo;avoir acc\u00e8s \u00e0 plusieurs secteurs. Concernant tout barrage des cookies, tapez dans le moteur de recherche : blocage des cookies et suivez les enseignements en lien avec votre navigateur.<\/p>\n<p><strong>6. Protection des personnes &amp; biens &#8211; Utilisation des donn\u00e9es personnelles :<\/strong><\/p>\n<p><span>En France, les donn\u00e9es personnelles sont notamment prot\u00e9g\u00e9es par la loi n\u00b0 78-87 du 6 janvier 1978 ou encore la loi n\u00b0 2004-801 datant du 6 ao\u00fbt 2004, l&rsquo;article L. 226-13 du Code p\u00e9nal et la Directive Europ\u00e9enne datant du 24 octobre 1995.<\/span><\/p>\n<p>&nbsp;<\/p>\n<p>Sur le site web impactifai.com, GRUBER FREDERIC ne collecte pas d&rsquo;informations personnelles ( suivant l&rsquo;article 4 loi n\u00b078-17 du 06 janvier 1978) concernant l&rsquo;utilisateur que pour la n\u00e9c\u00e9ssit\u00e9 de diff\u00e9rents services mis \u00e0 disposition par le site web impactifai.com. L&rsquo;usager fournit ces donn\u00e9es en pleine connaissance de cause, notamment lorsqu&rsquo;il effectue par lui-m\u00eame \u00e0 leur saisie. Il est donc pr\u00e9cis\u00e9 \u00e0 l&rsquo;utilisateur du site web impactifai.com l&rsquo;obligation ou pas de divulguer ces informations.<br \/>Conform\u00e9ment aux dispositifs des articles 38 et autres de la loi 78-17 du 6 janvier 1978 concernant l&rsquo;informatique, les fichiers et aux libert\u00e9s, tout utilisateur poss\u00e8de un droit d&rsquo;acc\u00e8s aux informations, de rectification, de suppression et d&rsquo;opposition aux informations personnelles qui le concerne. Pour l&rsquo;utiliser, adressez une demande \u00e0 impactifai.com par email :<span>\u00a0<\/span><strong><a href=\"mailto:contact@impactifai.com?subject=Contact%20%C3%A0%20partir%20des%20mentions%20l%C3%A9gales%20via%20le%20site%20impactifai.com\">contact@impactifai.com<\/a><\/strong><span>\u00a0<\/span>ou alors\u00a0par \u00e9crit\u00a0 sign\u00e9e, jointe d&rsquo;une copie de pi\u00e8ce d&rsquo;identit\u00e9 avec signature du propri\u00e9taire de la pi\u00e8ce, en pr\u00e9cisant l&rsquo;adresse \u00e0 laquelle la r\u00e9ponse devra \u00eatre envoy\u00e9e.<\/p>\n<p>Sans information personnelle de l&rsquo;usager du site suivant impactifai.com ne sera publi\u00e9e \u00e0 l&rsquo;insu de l&rsquo;utilisateur, troqu\u00e9e, transf\u00e9r\u00e9e, vendue sur n&rsquo;importe quel support \u00e0 des groupes. Uniquement l&rsquo;hypoth\u00e8se du rachat du site suivant impactifai.com et de l&rsquo;int\u00e9gralit\u00e9 de ses droits en autorise GRUBER FREDERIC \u00e0 joindre les informations personnelles \u00e0 l&rsquo; acqu\u00e9reur qui serait donc \u00e0 son tour tenu\u00a0\u00e0 la m\u00eame obligation de conservation et de modification des informations relative \u00e0 l&rsquo;utilisateur du site interne impactifai.com.<br \/>Le site suivant impactifai.com est en conformit\u00e9 avec le RGPD voir notre politique RGPD.<\/p>\n<p>Les bases de donn\u00e9es sont prot\u00e9g\u00e9es par les dispositions de la loi du 1er juillet 1998 transposant la directive 96\/9 du 11 mars 1996 concernant la protection juridique des BDD (bases de donn\u00e9es).<\/p>\n<p>.<\/p>\n<p>[\/et_pb_accordion_item][\/et_pb_accordion][\/et_pb_column][\/et_pb_row][\/et_pb_section][et_pb_section fb_built=\u00a0\u00bb1&Prime; admin_label=\u00a0\u00bbFooter\u00a0\u00bb _builder_version=\u00a0\u00bb4.19.5&Prime; _module_preset=\u00a0\u00bbdefault\u00a0\u00bb background_color=\u00a0\u00bbgcid-1bcf785a-50e1-437b-b09f-65567babc1de\u00a0\u00bb use_background_color_gradient=\u00a0\u00bbon\u00a0\u00bb background_color_gradient_stops=\u00a0\u00bbgcid-1bcf785a-50e1-437b-b09f-65567babc1de 0%|rgba(255,255,255,0) 30%\u00a0\u00bb background_color_gradient_overlays_image=\u00a0\u00bbon\u00a0\u00bb background_image=\u00a0\u00bbhttps:\/\/impactifai.com\/wp-content\/uploads\/2024\/05\/ai-49c.jpg\u00a0\u00bb background_last_edited=\u00a0\u00bbon|tablet\u00a0\u00bb background_position_tablet=\u00a0\u00bbcenter_left\u00a0\u00bb saved_tabs=\u00a0\u00bball\u00a0\u00bb collapsed=\u00a0\u00bbon\u00a0\u00bb global_colors_info=\u00a0\u00bb{%22gcid-1bcf785a-50e1-437b-b09f-65567babc1de%22:%91%22background_color%22,%22background_color_gradient_stops%22%93}\u00a0\u00bb][et_pb_row column_structure=\u00a0\u00bb1_5,1_5,1_5,1_5,1_5&Prime; _builder_version=\u00a0\u00bb4.19.2&Prime; _module_preset=\u00a0\u00bbdefault\u00a0\u00bb global_colors_info=\u00a0\u00bb{}\u00a0\u00bb][et_pb_column type=\u00a0\u00bb1_5&Prime; _builder_version=\u00a0\u00bb4.19.2&Prime; _module_preset=\u00a0\u00bbdefault\u00a0\u00bb global_colors_info=\u00a0\u00bb{}\u00a0\u00bb][et_pb_image src=\u00a0\u00bbhttps:\/\/impactifai.com\/wp-content\/uploads\/2024\/05\/divi-logo-gradient.png\u00a0\u00bb title_text=\u00a0\u00bbdivi-logo-gradient\u00a0\u00bb url=\u00a0\u00bb@ET-DC@eyJkeW5hbWljIjp0cnVlLCJjb250ZW50IjoiaG9tZV91cmwiLCJzZXR0aW5ncyI6e319@\u00a0\u00bb _builder_version=\u00a0\u00bb4.19.2&Prime; _dynamic_attributes=\u00a0\u00bburl\u00a0\u00bb _module_preset=\u00a0\u00bbdefault\u00a0\u00bb max_height=\u00a0\u00bb80px\u00a0\u00bb global_colors_info=\u00a0\u00bb{}\u00a0\u00bb][\/et_pb_image][\/et_pb_column][et_pb_column type=\u00a0\u00bb1_5&Prime; _builder_version=\u00a0\u00bb4.19.2&Prime; _module_preset=\u00a0\u00bbdefault\u00a0\u00bb global_colors_info=\u00a0\u00bb{}\u00a0\u00bb][et_pb_text _builder_version=\u00a0\u00bb4.19.2&Prime; _module_preset=\u00a0\u00bbba59cef4-fe23-463e-b150-cf4af7170143&Prime; custom_margin=\u00a0\u00bb||20px||false|false\u00a0\u00bb global_colors_info=\u00a0\u00bb{}\u00a0\u00bb]<\/p>\n<h5>Quick Links<\/h5>\n<p>[\/et_pb_text][et_pb_text _builder_version=\u00a0\u00bb4.19.2&Prime; _module_preset=\u00a0\u00bb786457f8-139e-4804-94bd-e7bd4584ae09&Prime; link_text_color=\u00a0\u00bbrgba(255,255,255,0.75)\u00a0\u00bb custom_margin=\u00a0\u00bb||10px||false|false\u00a0\u00bb global_colors_info=\u00a0\u00bb{}\u00a0\u00bb]<a href=\"#\">Products<\/a>[\/et_pb_text][et_pb_text _builder_version=\u00a0\u00bb4.19.2&Prime; _module_preset=\u00a0\u00bb786457f8-139e-4804-94bd-e7bd4584ae09&Prime; link_text_color=\u00a0\u00bbrgba(255,255,255,0.75)\u00a0\u00bb custom_margin=\u00a0\u00bb||10px||false|false\u00a0\u00bb global_colors_info=\u00a0\u00bb{}\u00a0\u00bb]<a href=\"#\">Case Studies<\/a>[\/et_pb_text][et_pb_text _builder_version=\u00a0\u00bb4.19.2&Prime; _module_preset=\u00a0\u00bb786457f8-139e-4804-94bd-e7bd4584ae09&Prime; link_text_color=\u00a0\u00bbrgba(255,255,255,0.75)\u00a0\u00bb custom_margin=\u00a0\u00bb||10px||false|false\u00a0\u00bb global_colors_info=\u00a0\u00bb{}\u00a0\u00bb]<\/p>\n<p><a href=\"#\">Media Library<\/a><\/p>\n<p>[\/et_pb_text][et_pb_text _builder_version=\u00a0\u00bb4.19.2&Prime; _module_preset=\u00a0\u00bb786457f8-139e-4804-94bd-e7bd4584ae09&Prime; link_text_color=\u00a0\u00bbrgba(255,255,255,0.75)\u00a0\u00bb custom_margin=\u00a0\u00bb||10px||false|false\u00a0\u00bb global_colors_info=\u00a0\u00bb{}\u00a0\u00bb]<a href=\"#\">Knowledge Center<\/a>[\/et_pb_text][et_pb_text _builder_version=\u00a0\u00bb4.19.2&Prime; _module_preset=\u00a0\u00bb786457f8-139e-4804-94bd-e7bd4584ae09&Prime; link_text_color=\u00a0\u00bbrgba(255,255,255,0.75)\u00a0\u00bb custom_margin=\u00a0\u00bb||10px||false|false\u00a0\u00bb global_colors_info=\u00a0\u00bb{}\u00a0\u00bb]<a href=\"#\">Divi AI Community<\/a>[\/et_pb_text][\/et_pb_column][et_pb_column type=\u00a0\u00bb1_5&Prime; _builder_version=\u00a0\u00bb4.19.2&Prime; _module_preset=\u00a0\u00bbdefault\u00a0\u00bb global_colors_info=\u00a0\u00bb{}\u00a0\u00bb][et_pb_text _builder_version=\u00a0\u00bb4.19.2&Prime; _module_preset=\u00a0\u00bbba59cef4-fe23-463e-b150-cf4af7170143&Prime; custom_margin=\u00a0\u00bb||20px||false|false\u00a0\u00bb global_colors_info=\u00a0\u00bb{}\u00a0\u00bb]<\/p>\n<h5>About<\/h5>\n<p>[\/et_pb_text][et_pb_text _builder_version=\u00a0\u00bb4.19.2&Prime; _module_preset=\u00a0\u00bb786457f8-139e-4804-94bd-e7bd4584ae09&Prime; link_text_color=\u00a0\u00bbrgba(255,255,255,0.75)\u00a0\u00bb custom_margin=\u00a0\u00bb||10px||false|false\u00a0\u00bb global_colors_info=\u00a0\u00bb{}\u00a0\u00bb]<a href=\"#\">Company Info<\/a>[\/et_pb_text][et_pb_text _builder_version=\u00a0\u00bb4.19.2&Prime; _module_preset=\u00a0\u00bb786457f8-139e-4804-94bd-e7bd4584ae09&Prime; link_text_color=\u00a0\u00bbrgba(255,255,255,0.75)\u00a0\u00bb custom_margin=\u00a0\u00bb||10px||false|false\u00a0\u00bb global_colors_info=\u00a0\u00bb{}\u00a0\u00bb]<a href=\"#\">Investor Relations<\/a>[\/et_pb_text][et_pb_text _builder_version=\u00a0\u00bb4.19.2&Prime; _module_preset=\u00a0\u00bb786457f8-139e-4804-94bd-e7bd4584ae09&Prime; link_text_color=\u00a0\u00bbrgba(255,255,255,0.75)\u00a0\u00bb custom_margin=\u00a0\u00bb||10px||false|false\u00a0\u00bb global_colors_info=\u00a0\u00bb{}\u00a0\u00bb]<a href=\"#\">Careers<\/a>[\/et_pb_text][et_pb_text _builder_version=\u00a0\u00bb4.19.2&Prime; _module_preset=\u00a0\u00bb786457f8-139e-4804-94bd-e7bd4584ae09&Prime; link_text_color=\u00a0\u00bbrgba(255,255,255,0.75)\u00a0\u00bb custom_margin=\u00a0\u00bb||10px||false|false\u00a0\u00bb global_colors_info=\u00a0\u00bb{}\u00a0\u00bb]<a href=\"#\">News and Press<\/a>[\/et_pb_text][et_pb_text _builder_version=\u00a0\u00bb4.19.2&Prime; _module_preset=\u00a0\u00bb786457f8-139e-4804-94bd-e7bd4584ae09&Prime; link_text_color=\u00a0\u00bbrgba(255,255,255,0.75)\u00a0\u00bb custom_margin=\u00a0\u00bb||10px||false|false\u00a0\u00bb global_colors_info=\u00a0\u00bb{}\u00a0\u00bb]<a href=\"#\">Events<\/a>[\/et_pb_text][et_pb_text _builder_version=\u00a0\u00bb4.19.2&Prime; _module_preset=\u00a0\u00bb786457f8-139e-4804-94bd-e7bd4584ae09&Prime; link_text_color=\u00a0\u00bbrgba(255,255,255,0.75)\u00a0\u00bb custom_margin=\u00a0\u00bb||10px||false|false\u00a0\u00bb global_colors_info=\u00a0\u00bb{}\u00a0\u00bb]<a href=\"#\">Customer Stories<\/a>[\/et_pb_text][\/et_pb_column][et_pb_column type=\u00a0\u00bb1_5&Prime; _builder_version=\u00a0\u00bb4.19.2&Prime; _module_preset=\u00a0\u00bbdefault\u00a0\u00bb global_colors_info=\u00a0\u00bb{}\u00a0\u00bb][et_pb_text _builder_version=\u00a0\u00bb4.19.2&Prime; _module_preset=\u00a0\u00bbba59cef4-fe23-463e-b150-cf4af7170143&Prime; custom_margin=\u00a0\u00bb||20px||false|false\u00a0\u00bb global_colors_info=\u00a0\u00bb{}\u00a0\u00bb]<\/p>\n<h5>Site Info<\/h5>\n<p>[\/et_pb_text][et_pb_text _builder_version=\u00a0\u00bb4.19.2&Prime; _module_preset=\u00a0\u00bb786457f8-139e-4804-94bd-e7bd4584ae09&Prime; link_text_color=\u00a0\u00bbrgba(255,255,255,0.75)\u00a0\u00bb custom_margin=\u00a0\u00bb||10px||false|false\u00a0\u00bb global_colors_info=\u00a0\u00bb{}\u00a0\u00bb]<a href=\"#\">Legal<\/a>[\/et_pb_text][et_pb_text _builder_version=\u00a0\u00bb4.19.2&Prime; _module_preset=\u00a0\u00bb786457f8-139e-4804-94bd-e7bd4584ae09&Prime; link_text_color=\u00a0\u00bbrgba(255,255,255,0.75)\u00a0\u00bb custom_margin=\u00a0\u00bb||10px||false|false\u00a0\u00bb global_colors_info=\u00a0\u00bb{}\u00a0\u00bb]<a href=\"#\">Privacy Policy<\/a>[\/et_pb_text][et_pb_text _builder_version=\u00a0\u00bb4.19.2&Prime; _module_preset=\u00a0\u00bb786457f8-139e-4804-94bd-e7bd4584ae09&Prime; link_text_color=\u00a0\u00bbrgba(255,255,255,0.75)\u00a0\u00bb custom_margin=\u00a0\u00bb||10px||false|false\u00a0\u00bb global_colors_info=\u00a0\u00bb{}\u00a0\u00bb]<a href=\"#\">Cookies Settings<\/a>[\/et_pb_text][et_pb_text _builder_version=\u00a0\u00bb4.19.2&Prime; _module_preset=\u00a0\u00bb786457f8-139e-4804-94bd-e7bd4584ae09&Prime; link_text_color=\u00a0\u00bbrgba(255,255,255,0.75)\u00a0\u00bb custom_margin=\u00a0\u00bb||10px||false|false\u00a0\u00bb global_colors_info=\u00a0\u00bb{}\u00a0\u00bb]<a href=\"#\">Terms of Use<\/a>[\/et_pb_text][et_pb_text _builder_version=\u00a0\u00bb4.19.2&Prime; _module_preset=\u00a0\u00bb786457f8-139e-4804-94bd-e7bd4584ae09&Prime; link_text_color=\u00a0\u00bbrgba(255,255,255,0.75)\u00a0\u00bb custom_margin=\u00a0\u00bb||10px||false|false\u00a0\u00bb global_colors_info=\u00a0\u00bb{}\u00a0\u00bb]<a href=\"#\">Trademarks<\/a>[\/et_pb_text][et_pb_text _builder_version=\u00a0\u00bb4.19.2&Prime; _module_preset=\u00a0\u00bb786457f8-139e-4804-94bd-e7bd4584ae09&Prime; link_text_color=\u00a0\u00bbrgba(255,255,255,0.75)\u00a0\u00bb custom_margin=\u00a0\u00bb||10px||false|false\u00a0\u00bb global_colors_info=\u00a0\u00bb{}\u00a0\u00bb]<a href=\"#\">Trust Center<\/a>[\/et_pb_text][\/et_pb_column][et_pb_column type=\u00a0\u00bb1_5&Prime; _builder_version=\u00a0\u00bb4.19.2&Prime; _module_preset=\u00a0\u00bbdefault\u00a0\u00bb global_colors_info=\u00a0\u00bb{}\u00a0\u00bb][et_pb_text _builder_version=\u00a0\u00bb4.19.2&Prime; _module_preset=\u00a0\u00bbba59cef4-fe23-463e-b150-cf4af7170143&Prime; custom_margin=\u00a0\u00bb||20px||false|false\u00a0\u00bb global_colors_info=\u00a0\u00bb{}\u00a0\u00bb]<\/p>\n<h5>Contact<\/h5>\n<p>[\/et_pb_text][et_pb_text _builder_version=\u00a0\u00bb4.19.2&Prime; _module_preset=\u00a0\u00bb786457f8-139e-4804-94bd-e7bd4584ae09&Prime; link_text_color=\u00a0\u00bbrgba(255,255,255,0.75)\u00a0\u00bb custom_margin=\u00a0\u00bb||10px||false|false\u00a0\u00bb global_colors_info=\u00a0\u00bb{}\u00a0\u00bb]<a href=\"#\">FAQ<\/a>[\/et_pb_text][et_pb_text _builder_version=\u00a0\u00bb4.19.2&Prime; _module_preset=\u00a0\u00bb786457f8-139e-4804-94bd-e7bd4584ae09&Prime; link_text_color=\u00a0\u00bbrgba(255,255,255,0.75)\u00a0\u00bb custom_margin=\u00a0\u00bb||10px||false|false\u00a0\u00bb global_colors_info=\u00a0\u00bb{}\u00a0\u00bb]<a href=\"#\">Contact Us<\/a>[\/et_pb_text][et_pb_text _builder_version=\u00a0\u00bb4.19.2&Prime; _module_preset=\u00a0\u00bb786457f8-139e-4804-94bd-e7bd4584ae09&Prime; link_text_color=\u00a0\u00bbrgba(255,255,255,0.75)\u00a0\u00bb custom_margin=\u00a0\u00bb||10px||false|false\u00a0\u00bb global_colors_info=\u00a0\u00bb{}\u00a0\u00bb]<a href=\"#\">Chat Now<\/a>[\/et_pb_text][et_pb_text _builder_version=\u00a0\u00bb4.19.2&Prime; _module_preset=\u00a0\u00bb786457f8-139e-4804-94bd-e7bd4584ae09&Prime; link_text_color=\u00a0\u00bbrgba(255,255,255,0.75)\u00a0\u00bb custom_margin=\u00a0\u00bb||10px||false|false\u00a0\u00bb global_colors_info=\u00a0\u00bb{}\u00a0\u00bb]<a href=\"#\">Newsletter<\/a>[\/et_pb_text][\/et_pb_column][\/et_pb_row][et_pb_row _builder_version=\u00a0\u00bb4.19.2&Prime; _module_preset=\u00a0\u00bbdefault\u00a0\u00bb global_colors_info=\u00a0\u00bb{}\u00a0\u00bb][et_pb_column type=\u00a0\u00bb4_4&Prime; _builder_version=\u00a0\u00bb4.19.2&Prime; _module_preset=\u00a0\u00bbdefault\u00a0\u00bb global_colors_info=\u00a0\u00bb{}\u00a0\u00bb][et_pb_menu submenu_direction=\u00a0\u00bbupwards\u00a0\u00bb active_link_color=\u00a0\u00bbgcid-39bb5ebd-8d97-4670-a45a-b1ffd711f3fc\u00a0\u00bb dropdown_menu_bg_color=\u00a0\u00bbgcid-f1f9244b-c8ab-43e1-95c3-c0bdf69ac7b5&Prime; dropdown_menu_line_color=\u00a0\u00bbgcid-714b9843-c3e2-4fdc-916a-785e28b7a70d\u00a0\u00bb dropdown_menu_text_color=\u00a0\u00bb#FFFFFF\u00a0\u00bb dropdown_menu_active_link_color=\u00a0\u00bbgcid-39bb5ebd-8d97-4670-a45a-b1ffd711f3fc\u00a0\u00bb mobile_menu_bg_color=\u00a0\u00bbgcid-f1f9244b-c8ab-43e1-95c3-c0bdf69ac7b5&Prime; mobile_menu_text_color=\u00a0\u00bb#FFFFFF\u00a0\u00bb logo_url=\u00a0\u00bb@ET-DC@eyJkeW5hbWljIjp0cnVlLCJjb250ZW50IjoiaG9tZV91cmwiLCJzZXR0aW5ncyI6e319@\u00a0\u00bb cart_icon_color=\u00a0\u00bbgcid-39bb5ebd-8d97-4670-a45a-b1ffd711f3fc\u00a0\u00bb search_icon_color=\u00a0\u00bbgcid-39bb5ebd-8d97-4670-a45a-b1ffd711f3fc\u00a0\u00bb menu_icon_color=\u00a0\u00bbgcid-39bb5ebd-8d97-4670-a45a-b1ffd711f3fc\u00a0\u00bb _builder_version=\u00a0\u00bb4.19.5&Prime; _dynamic_attributes=\u00a0\u00bblogo_url\u00a0\u00bb _module_preset=\u00a0\u00bbdefault\u00a0\u00bb menu_font=\u00a0\u00bbInter|700|||||||\u00a0\u00bb menu_text_color=\u00a0\u00bb#FFFFFF\u00a0\u00bb menu_font_size=\u00a0\u00bb16px\u00a0\u00bb background_enable_color=\u00a0\u00bboff\u00a0\u00bb text_orientation=\u00a0\u00bbright\u00a0\u00bb global_colors_info=\u00a0\u00bb{%22gcid-39bb5ebd-8d97-4670-a45a-b1ffd711f3fc%22:%91%22active_link_color%22,%22dropdown_menu_active_link_color%22,%22cart_icon_color%22,%22search_icon_color%22,%22menu_icon_color%22%93,%22gcid-f1f9244b-c8ab-43e1-95c3-c0bdf69ac7b5%22:%91%22dropdown_menu_bg_color%22,%22mobile_menu_bg_color%22%93,%22gcid-714b9843-c3e2-4fdc-916a-785e28b7a70d%22:%91%22dropdown_menu_line_color%22%93}\u00a0\u00bb][\/et_pb_menu][\/et_pb_column][\/et_pb_row][\/et_pb_section]<\/p>\n","protected":false},"excerpt":{"rendered":"<p>&nbsp; Correspondant aux dispositions de l&rsquo;article 6-III et 19 de la Loi num\u00e9ro 2004-575 du 21 juin 2004 concer\u00e7ant la Confiance en l&rsquo;\u00e9conomie num\u00e9rique, dite L.C.E.N., nous portons \u00e0 la connaissance des visiteurs du site internet :\u00a0impactifai.com\u00a0Les informations qui suivent : &nbsp; 1. Donn\u00e9es l\u00e9gales : Nom du propri\u00e9taire :\u00a0FREDERIC GRUBER &#8211; 57000 &#8211; Metz [&hellip;]<\/p>\n","protected":false},"author":1,"featured_media":0,"parent":0,"menu_order":0,"comment_status":"closed","ping_status":"closed","template":"","meta":{"_et_pb_use_builder":"on","_et_pb_old_content":"","_et_gb_content_width":"","footnotes":""},"class_list":["post-543","page","type-page","status-publish","hentry"],"_links":{"self":[{"href":"https:\/\/impactifai.com\/es\/wp-json\/wp\/v2\/pages\/543","targetHints":{"allow":["GET"]}}],"collection":[{"href":"https:\/\/impactifai.com\/es\/wp-json\/wp\/v2\/pages"}],"about":[{"href":"https:\/\/impactifai.com\/es\/wp-json\/wp\/v2\/types\/page"}],"author":[{"embeddable":true,"href":"https:\/\/impactifai.com\/es\/wp-json\/wp\/v2\/users\/1"}],"replies":[{"embeddable":true,"href":"https:\/\/impactifai.com\/es\/wp-json\/wp\/v2\/comments?post=543"}],"version-history":[{"count":0,"href":"https:\/\/impactifai.com\/es\/wp-json\/wp\/v2\/pages\/543\/revisions"}],"wp:attachment":[{"href":"https:\/\/impactifai.com\/es\/wp-json\/wp\/v2\/media?parent=543"}],"curies":[{"name":"wp","href":"https:\/\/api.w.org\/{rel}","templated":true}]}}